{"id":771,"date":"2024-10-06T11:31:35","date_gmt":"2024-10-06T11:31:35","guid":{"rendered":"https:\/\/www.wvpfondovi.me\/politika-privatnosti\/"},"modified":"2024-10-06T11:31:35","modified_gmt":"2024-10-06T11:31:35","slug":"politika-privatnosti","status":"publish","type":"page","link":"https:\/\/www.wvpfondovi.me\/en\/politika-privatnosti\/","title":{"rendered":"Politika Privatnosti"},"content":{"rendered":"<p>[et_pb_section fb_built=&#8221;1&#8243; _builder_version=&#8221;4.27.2&#8243; _module_preset=&#8221;default&#8221; global_colors_info=&#8221;{}&#8221; theme_builder_area=&#8221;post_content&#8221;][et_pb_row _builder_version=&#8221;4.27.2&#8243; _module_preset=&#8221;default&#8221; global_colors_info=&#8221;{}&#8221; theme_builder_area=&#8221;post_content&#8221;][et_pb_column type=&#8221;4_4&#8243; _builder_version=&#8221;4.27.2&#8243; _module_preset=&#8221;default&#8221; global_colors_info=&#8221;{}&#8221; theme_builder_area=&#8221;post_content&#8221;][et_pb_text _builder_version=&#8221;4.27.2&#8243; _module_preset=&#8221;default&#8221; hover_enabled=&#8221;0&#8243; global_colors_info=&#8221;{}&#8221; theme_builder_area=&#8221;post_content&#8221; sticky_enabled=&#8221;0&#8243;]<\/p>\n<h3>Koje podatke prikupljamo?<\/h3>\n<p>Dru\u0161tvo za upravljanje investicionim fondovima WVP Fund Management mo\u017ee prikupiti sljede\u0107e podatke prilikom posjete sajtu:<\/p>\n<p>&nbsp;<\/p>\n<h3>Li\u010dni identifikacioni podaci<\/h3>\n<p>Li\u010dne informacije korisnika mogu se prikupiti na razli\u010dite na\u010dine. Ove informacije mogu biti vezane za aktivnosti, usluge, funkcije i resurse koji su dostupni na sajtu. Korisnici mogu da posjete sajt anonimno. Li\u010dni podaci za identifikaciju korisnika se prikupljaju jedino ukoliko postoji saglasnost korisnika. Korisnici uvijek mogu da odbiju da dostave li\u010dne podatke za identifikaciju, osim ukoliko to sprje\u010dava realizaciju neophodnih aktivnosti na sajtu.<\/p>\n<h3>Identifikacioni podaci koji nisu li\u010dni<\/h3>\n<p>Svaki put kada korisnici posjete sajt, identifikacioni podaci koji nisu li\u010dni tako\u0111e mogu biti prikupljeni. Identifikacioni podaci koji ne slu\u017ee za li\u010dnu identifikaciju mogu da sadr\u017ee naziv pretra\u017eiva\u010da na Internetu, vrstu ra\u010dunara i tehni\u010dke informacije o korisniku prilikom posjete sajtu, kao \u0161to su informacije o operativnom sistemu, pru\u017eaocu Internet usluga i ostale relevantne informacije.<\/p>\n<h3>Kola\u010di\u0107i Internet pretra\u017eiva\u010da<\/h3>\n<p>Ovaj sajt prikuplja kola\u010di\u0107e kako bi mogu\u0107nosti sajta bile bolje prilago\u0111ene potrebama korisnika. Pored toga, internet pretra\u017eiva\u010d skladi\u0161ti kola\u010di\u0107e za potrebe vo\u0111enja evidencije posjeta sajtu. Korisnici mogu promijeniti pode\u0161avanja svog pretra\u017eiva\u010da i na taj na\u010din onemogu\u0107iti prikupljanje kola\u010di\u0107a. Tako\u0111e je mogu\u0107e aktivirati upozorenje pretra\u017eiva\u010da svaki put kada neki sajt zahtjeva kola\u010di\u0107e. Ukoliko korisnik onemogu\u0107i slanje kola\u010di\u0107a neki dijelovi sajta mo\u017eda ne\u0107e biti u funkciji.<\/p>\n<p>&nbsp;<\/p>\n<h3>Kako koristimo prikupljene informacije?<\/h3>\n<p>Dru\u0161tvo za upravljanje investicionim fondovima WVP Fund Management prikuplja i koristi informacije korisnika za potrebe:<\/p>\n<p>\u2022 Pobolj\u0161anja web sajta- Koriste\u0107i prikupljene informacije svakodnevno nastojimo da pobolj\u0161amo sadr\u017eaj sajta i prilagodimo ga potrebama korisnika;<\/p>\n<p>\u2022 Pobolj\u0161anja usluga koje pru\u017ea klijentima- Prikupljene informacije poma\u017eu nam da br\u017ee i efikasnije odgovorimo na zahtjeve klijenata i pru\u017eimo im neophodnu podr\u0161ku u najkra\u0107em roku;<\/p>\n<p>\u2022 Kvalitetnijeg upravljanja sadr\u017eajem sajta, promocijama i istra\u017eiva\u010dkim aktivnostima- Prikupljamo jedino informacije za koje smatramo da zaista mogu pobolj\u0161ati kvalitet na\u0161ih usluga.<\/p>\n<p>&nbsp;<\/p>\n<h3>Kako \u0161titimo informacije korisnika?<\/h3>\n<p>Prilikom izrade ovog sajta implementirane su mjere bezbjednosti prikupljanja, \u010duvanja i obrade podataka. Ovim mjerama li\u010dni i ostali podaci klijenata koji su prikupljeni na sajtu za\u0161ti\u0107eni su od neovla\u0161\u0107enog pristupa, promjene, otkrivanja ili uni\u0161tavanja.<\/p>\n<p>&nbsp;<\/p>\n<h3>Obrada li\u010dnih podataka<\/h3>\n<p>Li\u010dni podaci ne\u0107e biti prodavani, razmjenjeni ili iznajmljeni tre\u0107im licima. Li\u010dni podaci mogu se otkriti tre\u0107im licima samo u skladu sa propisima navedenim u Zakonu o za\u0161titi podataka o li\u010dnosti, kao i drugim va\u017ee\u0107im propisima.<\/p>\n<p>&nbsp;<\/p>\n<h3>Za\u0161tita privatnosti li\u010dnih podataka &#8211; veb sajt<\/h3>\n<p>Ova politika privatnosti se odnosi samo na informacije prikupljene putem na\u0161eg sajta, a ne odnosi se na li\u010dne podatke prikupljene na druge na\u010dine.<\/p>\n<p>&nbsp;<\/p>\n<h3>Izmjene politike privatnosti li\u010dnih podataka<\/h3>\n<p>Dru\u0161tvo za upravljanje investicionim fondovima WVP Fund Management ima pravo na vr\u0161enje izmjena politike privatnosti li\u010dnih podataka u bilo kojem trenutku. U slu\u010daju promjene politike, Dru\u0161tvo \u0107e informisati klijente o izmjenama putem obavje\u0161tenja na sajtu. Ovo obavje\u0161tenje \u0107e tako\u0111e sadr\u017eati i datum od kojeg \u0107e po\u010deti primjena nove politike privatnosti. Molimo korisnike da redovno posje\u0107uju stranicu kako bi blagovremeno bili informisani o svim izmjenama politike privatnosti. Kori\u0161\u0107enjem sajta klijent prihvata odgovornost za redovnu provjeru sajta kako bi se informisao o izmjenama politike privatnosti.<\/p>\n<p>&nbsp;<\/p>\n<h3>Prihvatanje uslova<\/h3>\n<p>Kori\u0161\u0107enjem ovog sajta, korisnik je saglasan sa politikom privatnosti li\u010dnih podataka na sajtu. Ukoliko se ne sla\u017eete s politikom, nemojte koristiti na\u0161 sajt. Ukoliko nastavite sa kori\u0161\u0107enjem sajta, smatra\u0107e se da ste saglasni sa svim odredbama politike privatnosti.<\/p>\n<p>&nbsp;<\/p>\n<h3>Kontakt<\/h3>\n<p>Ukoliko imate pitanja u vezi sa politikom privatnosti li\u010dnih podataka kontaktirajte nas na:<\/p>\n<p>WVP FUND MANAGEMENT AD PODGORICA<\/p>\n<p>Studentska 33a (lamela 3-5), sprat III, stan 16, Podgorica; Crna Gora<\/p>\n<p>020 611 649<\/p>\n<p><a href=\"mailto:info@wvpfondovi.me\">info@wvpfondovi.me<\/a><\/p>\n<p>[\/et_pb_text][\/et_pb_column][\/et_pb_row][\/et_pb_section]<\/p>\n","protected":false},"excerpt":{"rendered":"<p>Koje podatke prikupljamo? Dru\u0161tvo za upravljanje investicionim fondovima WVP Fund Management mo\u017ee prikupiti sljede\u0107e podatke prilikom posjete sajtu: &nbsp; Li\u010dni identifikacioni podaci Li\u010dne informacije korisnika mogu se prikupiti na razli\u010dite na\u010dine. Ove informacije mogu biti vezane za aktivnosti, usluge, funkcije i resurse koji su dostupni na sajtu. Korisnici mogu da posjete sajt anonimno. Li\u010dni podaci [&hellip;]<\/p>\n","protected":false},"author":1,"featured_media":0,"parent":0,"menu_order":0,"comment_status":"closed","ping_status":"closed","template":"","meta":{"_et_pb_use_builder":"on","_et_pb_old_content":"","_et_gb_content_width":"","footnotes":""},"class_list":["post-771","page","type-page","status-publish","hentry"],"acf":[],"_links":{"self":[{"href":"https:\/\/www.wvpfondovi.me\/en\/wp-json\/wp\/v2\/pages\/771","targetHints":{"allow":["GET"]}}],"collection":[{"href":"https:\/\/www.wvpfondovi.me\/en\/wp-json\/wp\/v2\/pages"}],"about":[{"href":"https:\/\/www.wvpfondovi.me\/en\/wp-json\/wp\/v2\/types\/page"}],"author":[{"embeddable":true,"href":"https:\/\/www.wvpfondovi.me\/en\/wp-json\/wp\/v2\/users\/1"}],"replies":[{"embeddable":true,"href":"https:\/\/www.wvpfondovi.me\/en\/wp-json\/wp\/v2\/comments?post=771"}],"version-history":[{"count":0,"href":"https:\/\/www.wvpfondovi.me\/en\/wp-json\/wp\/v2\/pages\/771\/revisions"}],"wp:attachment":[{"href":"https:\/\/www.wvpfondovi.me\/en\/wp-json\/wp\/v2\/media?parent=771"}],"curies":[{"name":"wp","href":"https:\/\/api.w.org\/{rel}","templated":true}]}}