{"id":775,"date":"2024-10-05T14:04:29","date_gmt":"2024-10-05T14:04:29","guid":{"rendered":"https:\/\/www.wvpfondovi.me\/eksterni-revizor\/"},"modified":"2026-04-20T10:49:36","modified_gmt":"2026-04-20T10:49:36","slug":"eksterni-revizor","status":"publish","type":"page","link":"https:\/\/www.wvpfondovi.me\/en\/eksterni-revizor\/","title":{"rendered":"Eksterni Revizor"},"content":{"rendered":"<p>[et_pb_section fb_built=&#8221;1&#8243; _builder_version=&#8221;4.27.2&#8243; _module_preset=&#8221;default&#8221; global_colors_info=&#8221;{}&#8221; theme_builder_area=&#8221;post_content&#8221;][et_pb_row _builder_version=&#8221;4.27.2&#8243; _module_preset=&#8221;default&#8221; global_colors_info=&#8221;{}&#8221; theme_builder_area=&#8221;post_content&#8221;][et_pb_column type=&#8221;4_4&#8243; _builder_version=&#8221;4.27.2&#8243; _module_preset=&#8221;default&#8221; global_colors_info=&#8221;{}&#8221; theme_builder_area=&#8221;post_content&#8221;][et_pb_text _builder_version=&#8221;4.27.6&#8243; _module_preset=&#8221;default&#8221; global_colors_info=&#8221;{}&#8221; theme_builder_area=&#8221;post_content&#8221;]<\/p>\n<p><strong>Podaci o eksternom revizoru Dru\u0161tva i fondova:<\/strong><\/p>\n<p>Firma: Dru\u0161tvo za reviziju<span>\u00a0<\/span><strong>&#8220;RACIO &#8211; MONT&#8221; D.O.O. Kola\u0161in<\/strong>;<\/p>\n<p>Skra\u0107ena oznaka firme: RACIO-MONT<\/p>\n<p>Sjedi\u0161te: Mojkova\u010dka bb, 81210 Kola\u0161in<\/p>\n<p>Broj i datum rje\u0161enja o izdavanju dozvole za obavljanje poslova revizije: 03\/27-276\/5-26 od 17.04.2026. godine.<\/p>\n<p>Datum zaklju\u010denja ugovora: 21.04.2026. godine<\/p>\n<p>[\/et_pb_text][\/et_pb_column][\/et_pb_row][\/et_pb_section]<\/p>\n","protected":false},"excerpt":{"rendered":"<p>Podaci o eksternom revizoru Dru\u0161tva i fondova: Firma: Dru\u0161tvo za reviziju\u00a0&#8220;RACIO &#8211; MONT&#8221; D.O.O. Kola\u0161in; Skra\u0107ena oznaka firme: RACIO-MONT Sjedi\u0161te: Mojkova\u010dka bb, 81210 Kola\u0161in Broj i datum rje\u0161enja o izdavanju dozvole za obavljanje poslova revizije: 03\/27-276\/5-26 od 17.04.2026. godine. Datum zaklju\u010denja ugovora: 21.04.2026. godine<\/p>\n","protected":false},"author":1,"featured_media":0,"parent":0,"menu_order":0,"comment_status":"closed","ping_status":"closed","template":"","meta":{"_et_pb_use_builder":"on","_et_pb_old_content":"","_et_gb_content_width":"","footnotes":""},"class_list":["post-775","page","type-page","status-publish","hentry"],"acf":[],"_links":{"self":[{"href":"https:\/\/www.wvpfondovi.me\/en\/wp-json\/wp\/v2\/pages\/775","targetHints":{"allow":["GET"]}}],"collection":[{"href":"https:\/\/www.wvpfondovi.me\/en\/wp-json\/wp\/v2\/pages"}],"about":[{"href":"https:\/\/www.wvpfondovi.me\/en\/wp-json\/wp\/v2\/types\/page"}],"author":[{"embeddable":true,"href":"https:\/\/www.wvpfondovi.me\/en\/wp-json\/wp\/v2\/users\/1"}],"replies":[{"embeddable":true,"href":"https:\/\/www.wvpfondovi.me\/en\/wp-json\/wp\/v2\/comments?post=775"}],"version-history":[{"count":2,"href":"https:\/\/www.wvpfondovi.me\/en\/wp-json\/wp\/v2\/pages\/775\/revisions"}],"predecessor-version":[{"id":1646,"href":"https:\/\/www.wvpfondovi.me\/en\/wp-json\/wp\/v2\/pages\/775\/revisions\/1646"}],"wp:attachment":[{"href":"https:\/\/www.wvpfondovi.me\/en\/wp-json\/wp\/v2\/media?parent=775"}],"curies":[{"name":"wp","href":"https:\/\/api.w.org\/{rel}","templated":true}]}}