{"id":783,"date":"2024-10-05T13:48:10","date_gmt":"2024-10-05T13:48:10","guid":{"rendered":"https:\/\/www.wvpfondovi.me\/o-drustvu\/"},"modified":"2024-10-05T13:48:10","modified_gmt":"2024-10-05T13:48:10","slug":"o-drustvu","status":"publish","type":"page","link":"https:\/\/www.wvpfondovi.me\/en\/o-drustvu\/","title":{"rendered":"O Dru\u0161tvu"},"content":{"rendered":"<p>[et_pb_section fb_built=&#8221;1&#8243; _builder_version=&#8221;4.27.2&#8243; _module_preset=&#8221;default&#8221; global_colors_info=&#8221;{}&#8221; theme_builder_area=&#8221;post_content&#8221;][et_pb_row _builder_version=&#8221;4.27.2&#8243; _module_preset=&#8221;default&#8221; global_colors_info=&#8221;{}&#8221; theme_builder_area=&#8221;post_content&#8221;][et_pb_column type=&#8221;4_4&#8243; _builder_version=&#8221;4.27.2&#8243; _module_preset=&#8221;default&#8221; global_colors_info=&#8221;{}&#8221; theme_builder_area=&#8221;post_content&#8221;][et_pb_text _builder_version=&#8221;4.27.2&#8243; _module_preset=&#8221;default&#8221; hover_enabled=&#8221;0&#8243; global_colors_info=&#8221;{}&#8221; theme_builder_area=&#8221;post_content&#8221; sticky_enabled=&#8221;0&#8243;]<\/p>\n<p>Dru\u0161tvo za upravljanje investicionim fondovima WVP FUND MANAGEMENT AD PODGORICA je osnovano dana 10.01.2023. godine Rje\u0161enjem o registraciji 4-0009854\/001, uz prethodno dobijanje dozvole za rad od strane Komisije za tr\u017ei\u0161te kapitala Crne Gore broj 03\/13-1019\/7-22 od 23.12.2022. godine.\u00a0<\/p>\n<p>Osnovna djelatnost Dru\u0161tva je upravljanje investicionim fondovima, odnosno:<\/p>\n<p>-djelatnost upravljanja fondovima<\/p>\n<p>WVP investicionim fondovima upravljaju iskusni stru\u010dnjaci iz oblasti tr\u017ei\u0161ta kapitala utvr\u0111enim analiti\u010dkim procesima koji omoguc\u0301avaju da se u svakom trenutku ponude kvalitetna rje\u0161enja. Na ovaj na\u010din klijentima se obezbje\u0111uju brojne moguc\u0301nosti za investiranje, koji najbolje odgovaraju njihovim potrebama i o\u010dekivanjima.<\/p>\n<p>[\/et_pb_text][\/et_pb_column][\/et_pb_row][\/et_pb_section]<\/p>\n","protected":false},"excerpt":{"rendered":"<p>Dru\u0161tvo za upravljanje investicionim fondovima WVP FUND MANAGEMENT AD PODGORICA je osnovano dana 10.01.2023. godine Rje\u0161enjem o registraciji 4-0009854\/001, uz prethodno dobijanje dozvole za rad od strane Komisije za tr\u017ei\u0161te kapitala Crne Gore broj 03\/13-1019\/7-22 od 23.12.2022. godine.\u00a0 Osnovna djelatnost Dru\u0161tva je upravljanje investicionim fondovima, odnosno: -djelatnost upravljanja fondovima WVP investicionim fondovima upravljaju iskusni stru\u010dnjaci [&hellip;]<\/p>\n","protected":false},"author":1,"featured_media":0,"parent":0,"menu_order":0,"comment_status":"closed","ping_status":"closed","template":"","meta":{"_et_pb_use_builder":"on","_et_pb_old_content":"","_et_gb_content_width":"","footnotes":""},"class_list":["post-783","page","type-page","status-publish","hentry"],"acf":[],"_links":{"self":[{"href":"https:\/\/www.wvpfondovi.me\/en\/wp-json\/wp\/v2\/pages\/783","targetHints":{"allow":["GET"]}}],"collection":[{"href":"https:\/\/www.wvpfondovi.me\/en\/wp-json\/wp\/v2\/pages"}],"about":[{"href":"https:\/\/www.wvpfondovi.me\/en\/wp-json\/wp\/v2\/types\/page"}],"author":[{"embeddable":true,"href":"https:\/\/www.wvpfondovi.me\/en\/wp-json\/wp\/v2\/users\/1"}],"replies":[{"embeddable":true,"href":"https:\/\/www.wvpfondovi.me\/en\/wp-json\/wp\/v2\/comments?post=783"}],"version-history":[{"count":0,"href":"https:\/\/www.wvpfondovi.me\/en\/wp-json\/wp\/v2\/pages\/783\/revisions"}],"wp:attachment":[{"href":"https:\/\/www.wvpfondovi.me\/en\/wp-json\/wp\/v2\/media?parent=783"}],"curies":[{"name":"wp","href":"https:\/\/api.w.org\/{rel}","templated":true}]}}