{"id":760,"date":"2024-10-21T18:01:15","date_gmt":"2024-10-21T18:01:15","guid":{"rendered":"https:\/\/www.wvpfondovi.me\/prigovori\/"},"modified":"2026-04-22T08:25:27","modified_gmt":"2026-04-22T08:25:27","slug":"prigovori","status":"publish","type":"page","link":"https:\/\/www.wvpfondovi.me\/ru\/prigovori\/","title":{"rendered":"Prigovori"},"content":{"rendered":"<p>[et_pb_section fb_built=&#8221;1&#8243; _builder_version=&#8221;4.27.2&#8243; _module_preset=&#8221;default&#8221; global_colors_info=&#8221;{}&#8221; theme_builder_area=&#8221;post_content&#8221;][et_pb_row _builder_version=&#8221;4.27.2&#8243; _module_preset=&#8221;default&#8221; global_colors_info=&#8221;{}&#8221; theme_builder_area=&#8221;post_content&#8221;][et_pb_column type=&#8221;4_4&#8243; _builder_version=&#8221;4.27.2&#8243; _module_preset=&#8221;default&#8221; global_colors_info=&#8221;{}&#8221; theme_builder_area=&#8221;post_content&#8221;][et_pb_text _builder_version=&#8221;4.27.6&#8243; _module_preset=&#8221;default&#8221; hover_enabled=&#8221;0&#8243; global_colors_info=&#8221;{}&#8221; theme_builder_area=&#8221;post_content&#8221; sticky_enabled=&#8221;0&#8243;]<\/p>\n<p>Prigovor se podnosi Dru\u0161tvu za upravljanje investicionim fondovima WVP FUND MANAGEMENT A.D. Podgorica na slijede\u0107i na\u010din:<\/p>\n<p>Slanjem po\u0161tom ili li\u010dno na adresu Dru\u0161tva (Marka Miljanova 46; 81000 Podgorica); ili Elektronskom po\u0161tom.<\/p>\n<p>Prigovor treba da sadr\u017ei:<\/p>\n<p>1. Ime, prezime i adresu podnosioca prigovora;<\/p>\n<p>2. Razloge prigovora i zahtjev podnosioca prigovora;<\/p>\n<p>3. Dokaze kojima se potvr\u0111uju navodi iz prigovora kada ih je mogu\u0107e prilo\u017eiti, a mo\u017ee se sadr\u017eavati i isprave koje nisu bile razmatrane u postupku, u kojem je donesena odluka zbog koje se pritu\u017eba podnosi, kao i prijedlog za izvo\u0111enje dokaza;<\/p>\n<p>4. Datum podno\u0161enja prigovora i potpis podnosioca prigovora, odnosno lica koje ga zastupa;<\/p>\n<p>5. Punomo\u0107 za zastupanje, kada prigovor donosi zastupnik osobe koja podnosi prigovor..<\/p>\n<p>Rok odgovora na prigovor:<\/p>\n<p>Ovla\u0161\u0107eno lice u Dru\u0161tvu, du\u017eno je da odgovori na prigovor najkasnije u roku od 15 dana od prijema prigovora, tj. 15 dana od dana prijema potrebne dokumentacije.<\/p>\n<p>[\/et_pb_text][\/et_pb_column][\/et_pb_row][\/et_pb_section]<\/p>\n","protected":false},"excerpt":{"rendered":"<p>Prigovor se podnosi Dru\u0161tvu za upravljanje investicionim fondovima WVP FUND MANAGEMENT A.D. Podgorica na slijede\u0107i na\u010din: Slanjem po\u0161tom ili li\u010dno na adresu Dru\u0161tva (Marka Miljanova 46; 81000 Podgorica); ili Elektronskom po\u0161tom. Prigovor treba da sadr\u017ei: 1. Ime, prezime i adresu podnosioca prigovora; 2. Razloge prigovora i zahtjev podnosioca prigovora; 3. Dokaze kojima se potvr\u0111uju navodi [&hellip;]<\/p>\n","protected":false},"author":1,"featured_media":0,"parent":0,"menu_order":0,"comment_status":"closed","ping_status":"closed","template":"","meta":{"_et_pb_use_builder":"on","_et_pb_old_content":"","_et_gb_content_width":"","footnotes":""},"class_list":["post-760","page","type-page","status-publish","hentry"],"acf":[],"_links":{"self":[{"href":"https:\/\/www.wvpfondovi.me\/ru\/wp-json\/wp\/v2\/pages\/760","targetHints":{"allow":["GET"]}}],"collection":[{"href":"https:\/\/www.wvpfondovi.me\/ru\/wp-json\/wp\/v2\/pages"}],"about":[{"href":"https:\/\/www.wvpfondovi.me\/ru\/wp-json\/wp\/v2\/types\/page"}],"author":[{"embeddable":true,"href":"https:\/\/www.wvpfondovi.me\/ru\/wp-json\/wp\/v2\/users\/1"}],"replies":[{"embeddable":true,"href":"https:\/\/www.wvpfondovi.me\/ru\/wp-json\/wp\/v2\/comments?post=760"}],"version-history":[{"count":3,"href":"https:\/\/www.wvpfondovi.me\/ru\/wp-json\/wp\/v2\/pages\/760\/revisions"}],"predecessor-version":[{"id":1657,"href":"https:\/\/www.wvpfondovi.me\/ru\/wp-json\/wp\/v2\/pages\/760\/revisions\/1657"}],"wp:attachment":[{"href":"https:\/\/www.wvpfondovi.me\/ru\/wp-json\/wp\/v2\/media?parent=760"}],"curies":[{"name":"wp","href":"https:\/\/api.w.org\/{rel}","templated":true}]}}